{"id":3,"date":"2025-06-29T11:21:38","date_gmt":"2025-06-29T11:21:38","guid":{"rendered":"https:\/\/goldwineestate.si\/?page_id=3"},"modified":"2025-07-07T18:10:52","modified_gmt":"2025-07-07T18:10:52","slug":"hisni-red","status":"publish","type":"page","link":"https:\/\/goldwineestate.si\/sl_si\/hisni-red\/","title":{"rendered":"Hi\u0161ni red"},"content":{"rendered":"\t\t<div data-elementor-type=\"wp-page\" data-elementor-id=\"3\" class=\"elementor elementor-3\">\n\t\t\t\t<div class=\"elementor-element elementor-element-71020b18 e-flex e-con-boxed e-con e-parent\" data-id=\"71020b18\" data-element_type=\"container\">\n\t\t\t\t\t<div class=\"e-con-inner\">\n\t\t\t\t<div class=\"elementor-element elementor-element-1b416381 elementor-widget elementor-widget-text-editor\" data-id=\"1b416381\" data-element_type=\"widget\" data-widget_type=\"text-editor.default\">\n\t\t\t\t<div class=\"elementor-widget-container\">\n\t\t\t\t\t\t\t\t\t\n<p>Spo\u0161tovani gostje,<br \/>v nastanitvenem objektu je za dobro po\u010dutje vseh gostov dolo\u010den hi\u0161ni red. Prosimo, da ga upo\u0161tevate.<\/p>\n<ul>\n<li>V objektu je prepovedano kajenje. Kajenje je dovoljeno na terasi, ogorki se uga\u0161ajo v pepelniku.<\/li>\n<li>Hi\u0161ni ljubljen\u010dki so dobrodo\u0161li.<\/li>\n<li>Objekt je namenjen po\u010ditku in sprostitvi, zato je po 22. uri potrebno vzdr\u017eevati red in mir ter biti obziren do sosedov. \u010ce se sosedje tega ne dr\u017eijo in ustvarjajo hrup, vas prosimo, da nam to sporo\u010dite. (Kr\u0161itev s hrupom je predpisana v Zakonu o javnem redu in miru v 1. in 2. odstavku 8. \u010dlena (ZJRM-1)).<br \/>Prosimo, da zapirate vhodna vrata in objekta ne pu\u0161\u010date odklenjenega. Odprete jih s klju\u010dem, ki ste ga prejeli \u2013 zato ga ob izhodu imejte vedno pri sebi.<\/li>\n<li>Objekt je polno opremljen: posteljnina, brisa\u010de, kuhinjska posoda, pribor in osnovne potreb\u0161\u010dine za pripravo hrane (sol, poper, sladkor). Za \u010di\u0161\u010denje imate na voljo krpo, gobico ter detergent in krpe za brisanje. Objekt je opremljen s papirjem za WC, z milom in vre\u010dkami za smeti.<\/li>\n<li>Voda iz pipe je pitna<\/li>\n<li>Po dogovoru in proti pla\u010dilu je mo\u017eno tudi pranje in likanje perila, nabava in dostava lokalno pridelanih hladnih prigrizkov in zelenjave, medu, kruha itd.<\/li>\n<li>Prosimo, da lo\u010dujete odpadke, da bomo okolju \u010dimbolj prijazni. Lo\u010devalni zabojniki za smeti se nahajajo v objektu.<\/li>\n<li>Parkiri\u0161\u010de za goste objekta je na voljo neposredno pred objektom in je zaradi varnosti va\u0161ega premo\u017eenja pod video nadzorom.<\/li>\n<li>V objektu je na voljo brezpla\u010den Wi-Fi, geslo imate napisano v objektu.<\/li>\n<li>Objekt je opremljen s satelitsko televizijo, seznam kanalov je na voljo na TV sprejemniku.<\/li>\n<li>Najemnik uporablja vse naprave v stanovanju v skladu z navodili za varno uporabo in skrbi za opremo kot dober gospodar. V kolikor povzro\u010di namerno \u0161kodo ali \u0161kodo iz malomarnosti, jo je dol\u017ean povrniti po oceni lastnika objekta. Namerno in naklepno po\u0161kodovanje aparatov, opreme in inventarja je v R Sloveniji predpisano s kaznijo v Kazenskem zakoniku v 220. \u010dlenu (KZ-1).<\/li>\n<li>\u010ce pride do okvare na vodovodnem ali elektri\u010dnem sistemu ali ostale okvare na opremi, najemnik to sporo\u010di nemudoma najemodajalcu preko SMS sporo\u010dila, na elektronski naslov gold.gorazd@gmail.com ali pokli\u010dite na tel. \u0161t. 0038640-886-960. Okvara se odpravi v roku 12 ur.<\/li>\n<li>Po\u017earni red skupaj z evakuacijsko potjo je izobe\u0161en v objektu. V primeru po\u017eara se ravnajte po po\u017earnem redu in se predhodno informirajte o lokaciji gasilnega aparata.<\/li>\n<li>Ob odhodu morajo gostje pomiti posodo, odstraniti odpadke, o\u010distiti \u017ear (\u010de so ga uporabljali).<\/li>\n<li>Obiski so dovoljeni, ne pa tudi no\u010ditve obiskovalcev v \u010dasu va\u0161ega bivanja.<\/li>\n<li>Najemodajalec ne odgovarja za vrednostne predmete in denar, ki se nahajajo v objektu in vozila na parkiri\u0161\u010du pred objektom. Vrednostne predmete in denar lahko najemnik shrani v varni blagajni v objektu.<\/li>\n<li>Najemnik se zavezuje, da bo poravnal \u0161kodo, ki bi jo povzro\u010dil najemodajalcu.<\/li>\n<\/ul>\n<p><strong>Uporaba jacuzzija<\/strong><\/p>\n<ul>\n<li>Jacuzzi je na voljo po predhodnem dogovoru z najemodajalcem.<\/li>\n<li>Cena uporabe zna\u0161a <strong>20 \u20ac na uporabo<\/strong> (do 2 uri).<\/li>\n<li>Pred uporabo se je obvezno oprhati.<\/li>\n<li>Uporaba jacuzzija je dovoljena do 22. ure.<\/li>\n<li>V jacuzziju ni dovoljeno uporabljati mil, \u0161amponov, olj ali drugih kozmeti\u010dnih izdelkov.<\/li>\n<li>Prosimo, da v jacuzziju ne u\u017eivate alkohola in ne vstopate vanj pod vplivom alkohola ali drog.<\/li>\n<li>Uporaba jacuzzija je na lastno odgovornost.<\/li>\n<li>Star\u0161i\/skrbniki so odgovorni za varnost otrok.<\/li>\n<li>Po uporabi prosimo, da pokrijete jacuzzi s pokrivalom.<strong>\u00a0<\/strong><\/li>\n<\/ul>\n<p><strong>\u017delimo, da bo va\u0161e bivanje prijetno in nepozabno!<\/strong><\/p>\t\t\t\t\t\t\t\t<\/div>\n\t\t\t\t<\/div>\n\t\t\t\t\t<\/div>\n\t\t\t\t<\/div>\n\t\t\t\t<\/div>\n\t\t","protected":false},"excerpt":{"rendered":"<p>Spo\u0161tovani gostje,v nastanitvenem objektu je za dobro po\u010dutje vseh gostov dolo\u010den hi\u0161ni red. Prosimo, da ga upo\u0161tevate. V objektu je prepovedano kajenje. Kajenje je dovoljeno na terasi, ogorki se uga\u0161ajo v pepelniku. Hi\u0161ni ljubljen\u010dki so dobrodo\u0161li. Objekt je namenjen po\u010ditku in sprostitvi, zato je po 22. uri potrebno vzdr\u017eevati red in mir ter biti obziren &#8230;<\/p>\n","protected":false},"author":1,"featured_media":0,"parent":0,"menu_order":0,"comment_status":"closed","ping_status":"open","template":"","meta":{"_monsterinsights_skip_tracking":false,"_monsterinsights_sitenote_active":false,"_monsterinsights_sitenote_note":"","_monsterinsights_sitenote_category":0,"cozystay_single_page_hide_site_header":"","cozystay_single_page_site_header_source":"","cozystay_single_page_custom_site_header":"0","cozystay_single_page_custom_sticky_site_header":"0","cozystay_single_page_hide_page_title":"","cozystay_single_page_header_section_size":"","cozystay_single_page_header_background_color":"","cozystay_single_page_header_background_position_x":"center","cozystay_single_page_header_background_position_y":"center","cozystay_single_page_header_background_size":"cover","cozystay_single_page_header_background_repeat":"off","cozystay_single_page_header_background_scroll":"on","cozystay_single_page_header_text_color":"","cozystay_single_page_header_show_breadcrumb":"","cozystay_single_page_site_footer_hide_main":"","cozystay_single_custom_site_footer_main_source":"","cozystay_single_custom_site_footer_main":"0","cozystay_single_page_site_footer_hide_above":"","cozystay_single_custom_site_footer_above_source":"","cozystay_single_custom_site_footer_above":"0","cozystay_single_page_site_footer_hide_instagram":"","cozystay_single_page_site_footer_hide_bottom":"","cozystay_single_custom_mobile_menu_source":"","cozystay_single_custom_mobile_menu":"0","cozystay_single_custom_mobile_menu_animation":"","cozystay_single_custom_mobile_menu_width":"","cozystay_single_custom_mobile_menu_custom_width":375,"footnotes":""},"class_list":["post-3","page","type-page","status-publish","hentry"],"_links":{"self":[{"href":"https:\/\/goldwineestate.si\/sl_si\/wp-json\/wp\/v2\/pages\/3","targetHints":{"allow":["GET"]}}],"collection":[{"href":"https:\/\/goldwineestate.si\/sl_si\/wp-json\/wp\/v2\/pages"}],"about":[{"href":"https:\/\/goldwineestate.si\/sl_si\/wp-json\/wp\/v2\/types\/page"}],"author":[{"embeddable":true,"href":"https:\/\/goldwineestate.si\/sl_si\/wp-json\/wp\/v2\/users\/1"}],"replies":[{"embeddable":true,"href":"https:\/\/goldwineestate.si\/sl_si\/wp-json\/wp\/v2\/comments?post=3"}],"version-history":[{"count":5,"href":"https:\/\/goldwineestate.si\/sl_si\/wp-json\/wp\/v2\/pages\/3\/revisions"}],"predecessor-version":[{"id":2354,"href":"https:\/\/goldwineestate.si\/sl_si\/wp-json\/wp\/v2\/pages\/3\/revisions\/2354"}],"wp:attachment":[{"href":"https:\/\/goldwineestate.si\/sl_si\/wp-json\/wp\/v2\/media?parent=3"}],"curies":[{"name":"wp","href":"https:\/\/api.w.org\/{rel}","templated":true}]}}